{"id":7,"date":"2021-11-15T15:02:10","date_gmt":"2021-11-15T14:02:10","guid":{"rendered":"https:\/\/djstoltec.de\/?page_id=7"},"modified":"2022-02-08T21:10:40","modified_gmt":"2022-02-08T20:10:40","slug":"ueber","status":"publish","type":"page","link":"https:\/\/djstoltec.de\/index.php\/ueber\/","title":{"rendered":"\u00dcber mich"},"content":{"rendered":"\n<div class=\"wp-block-cover alignfull\" style=\"min-height:198px;aspect-ratio:unset;\"><span aria-hidden=\"true\" class=\"has-nv-site-bg-background-color has-background-dim-100 wp-block-cover__gradient-background has-background-dim\"><\/span><div class=\"wp-block-cover__inner-container is-layout-flow wp-block-cover-is-layout-flow\">\n<div class=\"wp-block-group\"><div class=\"wp-block-group__inner-container is-layout-flow wp-block-group-is-layout-flow\">\n<h1 class=\"has-text-align-left has-neve-text-color-color has-text-color wp-block-heading\" id=\"uber-mich\">\u00dcber mich<\/h1>\n<\/div><\/div>\n<\/div><\/div>\n\n\n\n<div class=\"wp-block-cover alignfull\" style=\"min-height:600px;aspect-ratio:unset;\"><span aria-hidden=\"true\" class=\"has-nv-light-bg-background-color has-background-dim-100 wp-block-cover__gradient-background has-background-dim\"><\/span><div class=\"wp-block-cover__inner-container is-layout-flow wp-block-cover-is-layout-flow\">\n<div class=\"wp-block-group\"><div class=\"wp-block-group__inner-container is-layout-flow wp-block-group-is-layout-flow\">\n<div style=\"height:80px\" aria-hidden=\"true\" class=\"wp-block-spacer\"><\/div>\n\n\n\n<div class=\"wp-block-columns are-vertically-aligned-center is-layout-flex wp-container-core-columns-is-layout-9d6595d7 wp-block-columns-is-layout-flex\">\n<div class=\"wp-block-column is-vertically-aligned-center is-layout-flow wp-block-column-is-layout-flow\" style=\"flex-basis:50%\">\n<figure class=\"wp-block-image size-full size-large\"><img loading=\"lazy\" decoding=\"async\" width=\"708\" height=\"944\" src=\"https:\/\/djstoltec.de\/wp-content\/uploads\/2022\/01\/3f8666e4-17e6-4d03-af6e-93203bb62bb6.jpeg\" alt=\"\" class=\"wp-image-99\" srcset=\"https:\/\/djstoltec.de\/wp-content\/uploads\/2022\/01\/3f8666e4-17e6-4d03-af6e-93203bb62bb6.jpeg 708w, https:\/\/djstoltec.de\/wp-content\/uploads\/2022\/01\/3f8666e4-17e6-4d03-af6e-93203bb62bb6-225x300.jpeg 225w\" sizes=\"auto, (max-width: 708px) 100vw, 708px\" \/><\/figure>\n<\/div>\n\n\n\n<div class=\"wp-block-column is-vertically-aligned-center is-layout-flow wp-block-column-is-layout-flow\" style=\"flex-basis:50%\">\n<h2 class=\"has-neve-text-color-color has-text-color wp-block-heading\" id=\"meine-story\">Meine Story<\/h2>\n\n\n\n<p class=\"has-neve-text-color-color has-text-color has-normal-font-size\">Mein erster Auftritt in der Heimat war in Eutin im Club Sham. Anschlie\u00dfend gab es noch Auftritte im Club Lockhaus in Neustadt und im Bunker in L\u00fcbeck.<\/p>\n\n\n\n<p class=\"has-neve-text-color-color has-text-color has-normal-font-size\"><br>Als dann ein Freund von mir seine Hochzeit plante und mich fragte, ob ich Lust h\u00e4tte auf seiner Hochzeit der DJ zu sein, willigte ich ein, denn dies w\u00fcrde mir wieder eine neue Herausforderung und Erfahrung in meiner Kariere bringen.<\/p>\n\n\n\n<p class=\"has-neve-text-color-color has-text-color has-normal-font-size\">Es hat mir sehr viel Spa\u00df gemacht und mich begeistert einem Paar, welches heiratet und den sch\u00f6nsten Tag ihres Lebens feiert, mit der richtigen Musik zu begleiten, sodass ich mich als DJ auf Hochzeiten spezialisierte habe. Weiterhin stelle ich mein K\u00f6nnen gern auch auf allen Arten von Veranstaltungen unter Beweis und bringe die Tanzfl\u00e4chen zum beben.&nbsp;&nbsp;<\/p>\n<\/div>\n<\/div>\n\n\n\n<div style=\"height:40px\" aria-hidden=\"true\" class=\"wp-block-spacer\"><\/div>\n<\/div><\/div>\n<\/div><\/div>\n\n\n\n<div class=\"wp-block-cover alignfull\" style=\"min-height:420px;aspect-ratio:unset;\"><span aria-hidden=\"true\" class=\"has-nv-site-bg-background-color has-background-dim-100 wp-block-cover__gradient-background has-background-dim\"><\/span><div class=\"wp-block-cover__inner-container is-layout-flow wp-block-cover-is-layout-flow\">\n<div style=\"height:80px\" aria-hidden=\"true\" class=\"wp-block-spacer\"><\/div>\n\n\n\n<div class=\"wp-block-columns is-layout-flex wp-container-core-columns-is-layout-9d6595d7 wp-block-columns-is-layout-flex\">\n<div class=\"wp-block-column ticss-4ce656f1 is-layout-flow wp-block-column-is-layout-flow\">\n<figure class=\"wp-block-image is-resized icon-style is-style-rounded\"><img loading=\"lazy\" decoding=\"async\" src=\"https:\/\/djstoltec.de\/wp-content\/themes\/neve\/assets\/img\/starter-content\/icon-03.svg\" alt=\"\" width=\"48\" height=\"48\"\/><\/figure>\n\n\n\n<h3 class=\"has-text-align-left has-text-align-center has-neve-text-color-color has-text-color wp-block-heading\" id=\"super-punktlich\">Super p\u00fcnktlich <\/h3>\n\n\n\n<p class=\"has-text-align-left has-neve-text-color-color has-text-color\" style=\"font-size:15px\">P\u00fcnktlichkeit ist f\u00fcr mich selbstverst\u00e4ndlich. <\/p>\n\n\n\n<div style=\"height:20px\" aria-hidden=\"true\" class=\"wp-block-spacer\"><\/div>\n<\/div>\n\n\n\n<div class=\"wp-block-column ticss-f6fc7494 is-layout-flow wp-block-column-is-layout-flow\">\n<figure class=\"wp-block-image is-resized icon-style is-style-rounded\"><img loading=\"lazy\" decoding=\"async\" src=\"https:\/\/djstoltec.de\/wp-content\/themes\/neve\/assets\/img\/starter-content\/icon-03.svg\" alt=\"\" width=\"48\" height=\"48\"\/><\/figure>\n\n\n\n<h3 class=\"has-text-align-left has-text-align-center has-neve-text-color-color has-text-color wp-block-heading\" id=\"personlich-und-unkompliziert\">Pers\u00f6nlich und unkompliziert <\/h3>\n\n\n\n<p class=\"has-text-align-left has-neve-text-color-color has-text-color\" style=\"font-size:15px\">Ich stehe euch jeder Zeit bei alles Fragen vor und auch nach der Veranstaltung stets zur Verf\u00fcgung.<\/p>\n\n\n\n<div style=\"height:20px\" aria-hidden=\"true\" class=\"wp-block-spacer\"><\/div>\n<\/div>\n\n\n\n<div class=\"wp-block-column ticss-a5b4df29 is-layout-flow wp-block-column-is-layout-flow\">\n<figure class=\"wp-block-image is-resized icon-style is-style-rounded\"><img loading=\"lazy\" decoding=\"async\" src=\"https:\/\/djstoltec.de\/wp-content\/themes\/neve\/assets\/img\/starter-content\/icon-03.svg\" alt=\"\" width=\"48\" height=\"48\"\/><\/figure>\n\n\n\n<h3 class=\"has-text-align-left has-text-align-center has-neve-text-color-color has-text-color wp-block-heading\" id=\"hochwertige-technik\">Hochwertige Technik <\/h3>\n\n\n\n<p class=\"has-text-align-left has-neve-text-color-color has-text-color\" style=\"font-size:15px\">Bei meiner Techniker lege ich besonderen Wert die beste Qualit\u00e4t. <\/p>\n\n\n\n<div style=\"height:20px\" aria-hidden=\"true\" class=\"wp-block-spacer\"><\/div>\n<\/div>\n<\/div>\n\n\n\n<div style=\"height:30px\" aria-hidden=\"true\" class=\"wp-block-spacer\"><\/div>\n<\/div><\/div>\n\n\n\n<div class=\"wp-block-cover alignfull\" style=\"min-height:600px;aspect-ratio:unset;\"><span aria-hidden=\"true\" class=\"has-nv-dark-bg-background-color has-background-dim-100 wp-block-cover__gradient-background has-background-dim\"><\/span><div class=\"wp-block-cover__inner-container is-layout-flow wp-block-cover-is-layout-flow\">\n<div class=\"wp-block-group\"><div class=\"wp-block-group__inner-container is-layout-flow wp-block-group-is-layout-flow\">\n<div style=\"height:80px\" aria-hidden=\"true\" class=\"wp-block-spacer\"><\/div>\n\n\n\n<div class=\"wp-block-columns are-vertically-aligned-center is-layout-flex wp-container-core-columns-is-layout-9d6595d7 wp-block-columns-is-layout-flex\">\n<div class=\"wp-block-column is-vertically-aligned-center is-layout-flow wp-block-column-is-layout-flow\" style=\"flex-basis:50%\">\n<h2 class=\"has-text-align-center has-nv-text-dark-bg-color has-text-color wp-block-heading\" id=\"habe-ich-dein-interesse-geweckt-dann-nimm-gerne-kontakt-zu-mir-auf\">Habe ich dein Interesse geweckt? Dann nimm gerne Kontakt zu mir auf.<\/h2>\n\n\n\n<div style=\"height:20px\" aria-hidden=\"true\" class=\"wp-block-spacer\"><\/div>\n\n\n\n<div class=\"wp-block-buttons is-content-justification-center is-layout-flex wp-container-core-buttons-is-layout-16018d1d wp-block-buttons-is-layout-flex\">\n<div class=\"wp-block-button is-style-primary\"><a class=\"wp-block-button__link\" href=\"https:\/\/djstoltec.de\/index.php\/contact\/\">Kontaktier mich!<\/a><\/div>\n<\/div>\n\n\n\n<div style=\"height:20px\" aria-hidden=\"true\" class=\"wp-block-spacer\"><\/div>\n<\/div>\n\n\n\n<div class=\"wp-block-column is-vertically-aligned-center is-layout-flow wp-block-column-is-layout-flow\" style=\"flex-basis:50%\">\n<figure class=\"wp-block-image size-large\"><img loading=\"lazy\" decoding=\"async\" width=\"768\" height=\"1024\" src=\"https:\/\/djstoltec.de\/wp-content\/uploads\/2022\/01\/cea8fea9-c8b2-43a9-aac1-04ae78304996-768x1024.jpeg\" alt=\"\" class=\"wp-image-101\" srcset=\"https:\/\/djstoltec.de\/wp-content\/uploads\/2022\/01\/cea8fea9-c8b2-43a9-aac1-04ae78304996-768x1024.jpeg 768w, https:\/\/djstoltec.de\/wp-content\/uploads\/2022\/01\/cea8fea9-c8b2-43a9-aac1-04ae78304996-225x300.jpeg 225w, https:\/\/djstoltec.de\/wp-content\/uploads\/2022\/01\/cea8fea9-c8b2-43a9-aac1-04ae78304996-1152x1536.jpeg 1152w, https:\/\/djstoltec.de\/wp-content\/uploads\/2022\/01\/cea8fea9-c8b2-43a9-aac1-04ae78304996.jpeg 1512w\" sizes=\"auto, (max-width: 768px) 100vw, 768px\" \/><\/figure>\n<\/div>\n<\/div>\n\n\n\n<div style=\"height:40px\" aria-hidden=\"true\" class=\"wp-block-spacer\"><\/div>\n<\/div><\/div>\n<\/div><\/div>\n","protected":false},"excerpt":{"rendered":"","protected":false},"author":1,"featured_media":0,"parent":0,"menu_order":0,"comment_status":"closed","ping_status":"closed","template":"","meta":{"neve_meta_sidebar":"","neve_meta_container":"","neve_meta_enable_content_width":"on","neve_meta_content_width":100,"neve_meta_title_alignment":"","neve_meta_author_avatar":"","neve_post_elements_order":"","neve_meta_disable_header":"","neve_meta_disable_footer":"","neve_meta_disable_title":"on","footnotes":""},"class_list":["post-7","page","type-page","status-publish","hentry"],"yoast_head":"<!-- This site is optimized with the Yoast SEO plugin v27.5 - https:\/\/yoast.com\/product\/yoast-seo-wordpress\/ -->\n<title>\u00dcber mich - DJ Stoltec<\/title>\n<meta name=\"robots\" content=\"index, follow, max-snippet:-1, max-image-preview:large, max-video-preview:-1\" \/>\n<link rel=\"canonical\" href=\"https:\/\/djstoltec.de\/index.php\/ueber\/\" \/>\n<meta property=\"og:locale\" content=\"de_DE\" \/>\n<meta property=\"og:type\" content=\"article\" \/>\n<meta property=\"og:title\" content=\"\u00dcber mich - DJ Stoltec\" \/>\n<meta property=\"og:url\" content=\"https:\/\/djstoltec.de\/index.php\/ueber\/\" \/>\n<meta property=\"og:site_name\" content=\"DJ Stoltec\" \/>\n<meta property=\"article:modified_time\" content=\"2022-02-08T20:10:40+00:00\" \/>\n<meta property=\"og:image\" content=\"https:\/\/djstoltec.de\/wp-content\/uploads\/2022\/01\/3f8666e4-17e6-4d03-af6e-93203bb62bb6.jpeg\" \/>\n<meta name=\"twitter:card\" content=\"summary_large_image\" \/>\n<meta name=\"twitter:label1\" content=\"Gesch\u00e4tzte Lesezeit\" \/>\n\t<meta name=\"twitter:data1\" content=\"1\u00a0Minute\" \/>\n<script type=\"application\/ld+json\" class=\"yoast-schema-graph\">{\"@context\":\"https:\\\/\\\/schema.org\",\"@graph\":[{\"@type\":\"WebPage\",\"@id\":\"https:\\\/\\\/djstoltec.de\\\/index.php\\\/ueber\\\/\",\"url\":\"https:\\\/\\\/djstoltec.de\\\/index.php\\\/ueber\\\/\",\"name\":\"\u00dcber mich - DJ Stoltec\",\"isPartOf\":{\"@id\":\"https:\\\/\\\/djstoltec.de\\\/#website\"},\"primaryImageOfPage\":{\"@id\":\"https:\\\/\\\/djstoltec.de\\\/index.php\\\/ueber\\\/#primaryimage\"},\"image\":{\"@id\":\"https:\\\/\\\/djstoltec.de\\\/index.php\\\/ueber\\\/#primaryimage\"},\"thumbnailUrl\":\"https:\\\/\\\/djstoltec.de\\\/wp-content\\\/uploads\\\/2022\\\/01\\\/3f8666e4-17e6-4d03-af6e-93203bb62bb6.jpeg\",\"datePublished\":\"2021-11-15T14:02:10+00:00\",\"dateModified\":\"2022-02-08T20:10:40+00:00\",\"breadcrumb\":{\"@id\":\"https:\\\/\\\/djstoltec.de\\\/index.php\\\/ueber\\\/#breadcrumb\"},\"inLanguage\":\"de\",\"potentialAction\":[{\"@type\":\"ReadAction\",\"target\":[\"https:\\\/\\\/djstoltec.de\\\/index.php\\\/ueber\\\/\"]}]},{\"@type\":\"ImageObject\",\"inLanguage\":\"de\",\"@id\":\"https:\\\/\\\/djstoltec.de\\\/index.php\\\/ueber\\\/#primaryimage\",\"url\":\"https:\\\/\\\/djstoltec.de\\\/wp-content\\\/uploads\\\/2022\\\/01\\\/3f8666e4-17e6-4d03-af6e-93203bb62bb6.jpeg\",\"contentUrl\":\"https:\\\/\\\/djstoltec.de\\\/wp-content\\\/uploads\\\/2022\\\/01\\\/3f8666e4-17e6-4d03-af6e-93203bb62bb6.jpeg\",\"width\":708,\"height\":944},{\"@type\":\"BreadcrumbList\",\"@id\":\"https:\\\/\\\/djstoltec.de\\\/index.php\\\/ueber\\\/#breadcrumb\",\"itemListElement\":[{\"@type\":\"ListItem\",\"position\":1,\"name\":\"Startseite\",\"item\":\"https:\\\/\\\/djstoltec.de\\\/\"},{\"@type\":\"ListItem\",\"position\":2,\"name\":\"\u00dcber mich\"}]},{\"@type\":\"WebSite\",\"@id\":\"https:\\\/\\\/djstoltec.de\\\/#website\",\"url\":\"https:\\\/\\\/djstoltec.de\\\/\",\"name\":\"DJ Stoltec\",\"description\":\"Musik f\u00fcr deine Veranstaltung\",\"publisher\":{\"@id\":\"https:\\\/\\\/djstoltec.de\\\/#organization\"},\"potentialAction\":[{\"@type\":\"SearchAction\",\"target\":{\"@type\":\"EntryPoint\",\"urlTemplate\":\"https:\\\/\\\/djstoltec.de\\\/?s={search_term_string}\"},\"query-input\":{\"@type\":\"PropertyValueSpecification\",\"valueRequired\":true,\"valueName\":\"search_term_string\"}}],\"inLanguage\":\"de\"},{\"@type\":\"Organization\",\"@id\":\"https:\\\/\\\/djstoltec.de\\\/#organization\",\"name\":\"DJ Stoltec\",\"url\":\"https:\\\/\\\/djstoltec.de\\\/\",\"logo\":{\"@type\":\"ImageObject\",\"inLanguage\":\"de\",\"@id\":\"https:\\\/\\\/djstoltec.de\\\/#\\\/schema\\\/logo\\\/image\\\/\",\"url\":\"https:\\\/\\\/djstoltec.de\\\/wp-content\\\/uploads\\\/2021\\\/11\\\/picture-1200.png\",\"contentUrl\":\"https:\\\/\\\/djstoltec.de\\\/wp-content\\\/uploads\\\/2021\\\/11\\\/picture-1200.png\",\"width\":1200,\"height\":1200,\"caption\":\"DJ Stoltec\"},\"image\":{\"@id\":\"https:\\\/\\\/djstoltec.de\\\/#\\\/schema\\\/logo\\\/image\\\/\"}}]}<\/script>\n<!-- \/ Yoast SEO plugin. -->","yoast_head_json":{"title":"\u00dcber mich - DJ Stoltec","robots":{"index":"index","follow":"follow","max-snippet":"max-snippet:-1","max-image-preview":"max-image-preview:large","max-video-preview":"max-video-preview:-1"},"canonical":"https:\/\/djstoltec.de\/index.php\/ueber\/","og_locale":"de_DE","og_type":"article","og_title":"\u00dcber mich - DJ Stoltec","og_url":"https:\/\/djstoltec.de\/index.php\/ueber\/","og_site_name":"DJ Stoltec","article_modified_time":"2022-02-08T20:10:40+00:00","og_image":[{"url":"https:\/\/djstoltec.de\/wp-content\/uploads\/2022\/01\/3f8666e4-17e6-4d03-af6e-93203bb62bb6.jpeg","type":"","width":"","height":""}],"twitter_card":"summary_large_image","twitter_misc":{"Gesch\u00e4tzte Lesezeit":"1\u00a0Minute"},"schema":{"@context":"https:\/\/schema.org","@graph":[{"@type":"WebPage","@id":"https:\/\/djstoltec.de\/index.php\/ueber\/","url":"https:\/\/djstoltec.de\/index.php\/ueber\/","name":"\u00dcber mich - DJ Stoltec","isPartOf":{"@id":"https:\/\/djstoltec.de\/#website"},"primaryImageOfPage":{"@id":"https:\/\/djstoltec.de\/index.php\/ueber\/#primaryimage"},"image":{"@id":"https:\/\/djstoltec.de\/index.php\/ueber\/#primaryimage"},"thumbnailUrl":"https:\/\/djstoltec.de\/wp-content\/uploads\/2022\/01\/3f8666e4-17e6-4d03-af6e-93203bb62bb6.jpeg","datePublished":"2021-11-15T14:02:10+00:00","dateModified":"2022-02-08T20:10:40+00:00","breadcrumb":{"@id":"https:\/\/djstoltec.de\/index.php\/ueber\/#breadcrumb"},"inLanguage":"de","potentialAction":[{"@type":"ReadAction","target":["https:\/\/djstoltec.de\/index.php\/ueber\/"]}]},{"@type":"ImageObject","inLanguage":"de","@id":"https:\/\/djstoltec.de\/index.php\/ueber\/#primaryimage","url":"https:\/\/djstoltec.de\/wp-content\/uploads\/2022\/01\/3f8666e4-17e6-4d03-af6e-93203bb62bb6.jpeg","contentUrl":"https:\/\/djstoltec.de\/wp-content\/uploads\/2022\/01\/3f8666e4-17e6-4d03-af6e-93203bb62bb6.jpeg","width":708,"height":944},{"@type":"BreadcrumbList","@id":"https:\/\/djstoltec.de\/index.php\/ueber\/#breadcrumb","itemListElement":[{"@type":"ListItem","position":1,"name":"Startseite","item":"https:\/\/djstoltec.de\/"},{"@type":"ListItem","position":2,"name":"\u00dcber mich"}]},{"@type":"WebSite","@id":"https:\/\/djstoltec.de\/#website","url":"https:\/\/djstoltec.de\/","name":"DJ Stoltec","description":"Musik f\u00fcr deine Veranstaltung","publisher":{"@id":"https:\/\/djstoltec.de\/#organization"},"potentialAction":[{"@type":"SearchAction","target":{"@type":"EntryPoint","urlTemplate":"https:\/\/djstoltec.de\/?s={search_term_string}"},"query-input":{"@type":"PropertyValueSpecification","valueRequired":true,"valueName":"search_term_string"}}],"inLanguage":"de"},{"@type":"Organization","@id":"https:\/\/djstoltec.de\/#organization","name":"DJ Stoltec","url":"https:\/\/djstoltec.de\/","logo":{"@type":"ImageObject","inLanguage":"de","@id":"https:\/\/djstoltec.de\/#\/schema\/logo\/image\/","url":"https:\/\/djstoltec.de\/wp-content\/uploads\/2021\/11\/picture-1200.png","contentUrl":"https:\/\/djstoltec.de\/wp-content\/uploads\/2021\/11\/picture-1200.png","width":1200,"height":1200,"caption":"DJ Stoltec"},"image":{"@id":"https:\/\/djstoltec.de\/#\/schema\/logo\/image\/"}}]}},"_links":{"self":[{"href":"https:\/\/djstoltec.de\/index.php\/wp-json\/wp\/v2\/pages\/7","targetHints":{"allow":["GET"]}}],"collection":[{"href":"https:\/\/djstoltec.de\/index.php\/wp-json\/wp\/v2\/pages"}],"about":[{"href":"https:\/\/djstoltec.de\/index.php\/wp-json\/wp\/v2\/types\/page"}],"author":[{"embeddable":true,"href":"https:\/\/djstoltec.de\/index.php\/wp-json\/wp\/v2\/users\/1"}],"replies":[{"embeddable":true,"href":"https:\/\/djstoltec.de\/index.php\/wp-json\/wp\/v2\/comments?post=7"}],"version-history":[{"count":17,"href":"https:\/\/djstoltec.de\/index.php\/wp-json\/wp\/v2\/pages\/7\/revisions"}],"predecessor-version":[{"id":287,"href":"https:\/\/djstoltec.de\/index.php\/wp-json\/wp\/v2\/pages\/7\/revisions\/287"}],"wp:attachment":[{"href":"https:\/\/djstoltec.de\/index.php\/wp-json\/wp\/v2\/media?parent=7"}],"curies":[{"name":"wp","href":"https:\/\/api.w.org\/{rel}","templated":true}]}}