{"id":39,"date":"2021-11-15T15:26:05","date_gmt":"2021-11-15T14:26:05","guid":{"rendered":"https:\/\/djstoltec.de\/?page_id=39"},"modified":"2026-04-08T18:54:52","modified_gmt":"2026-04-08T16:54:52","slug":"impressum","status":"publish","type":"page","link":"https:\/\/djstoltec.de\/index.php\/impressum\/","title":{"rendered":"Impressum"},"content":{"rendered":"\n<p>Gewerblich genutzte Internetseiten m\u00fcssen in Deutschland laut \u00a75 Telemediengesetz und \u00a755 Rundfunk-Staatsvertrag ein Impressum haben.<\/p>\n\n\n\n<p><strong>Name und Anschrift: <br><\/strong>Christian Stolberg<br>Hauptstra\u00dfe 30<br>23714 Bad Malente<\/p>\n\n\n\n<p><br><strong>Telefon:<\/strong> 04523 3050043<br><strong>E-Mail-Adresse:<\/strong> info@djstoltec.de<br><strong>Gesch\u00e4ftsf\u00fchrer:<\/strong> Christian Stolberg<br><strong>Firmensitz:<\/strong> Bad Malente<br><strong>Steuernummer:<\/strong> 34\/119\/00905<br><strong>Inhaltlich verantwortlich:<\/strong> Christian Stolberg<\/p>\n\n\n\n<p><strong>\u200bUmsetzung Webseite \/ Technischer Anpsrechpartner<\/strong><br><a href=\"http:\/\/piekfeine-it.de\/\" target=\"_blank\" rel=\"noreferrer noopener\">Christoph Bendrich \u2013\u00a0Piekfeine IT<\/a><\/p>\n\n\n\n<p><\/p>\n\n\n\n<p><\/p>\n\n\n\n<p><strong>Haftung f\u00fcr Inhalte\u200b<\/strong><\/p>\n\n\n\n<p>Als Diensteanbieter sind wir gem\u00e4\u00df \u00a7 7 Abs.1 TMG f\u00fcr eigene Inhalte auf diesen Seiten nach den allgemeinen Gesetzen verantwortlich.<\/p>\n\n\n\n<p>Nach \u00a7\u00a7 8 bis 10 TMG sind wir als Diensteanbieter jedoch nicht verpflichtet, \u00fcbermittelte oder gespeicherte fremde Informationen zu \u00fcberwachen oder nach Umst\u00e4nden zu forschen, die auf eine rechtswidrige T\u00e4tigkeit hinweisen. Verpflichtungen zur Entfernung oder Sperrung der Nutzung von Informationen nach den allgemeinen Gesetzen bleiben hiervon unber\u00fchrt. Eine diesbez\u00fcgliche Haftung ist jedoch erst ab dem Zeitpunkt der Kenntnis einer konkreten Rechtsverletzung m\u00f6glich. Bei Bekanntwerden von entsprechenden Rechtsverletzungen werden wir diese Inhalte umgehend entfernen.<\/p>\n\n\n\n<p>\u200b<\/p>\n\n\n\n<p><strong>Haftung f\u00fcr Links<\/strong><\/p>\n\n\n\n<p>Unser Angebot enth\u00e4lt Links zu externen Webseiten Dritter, auf deren Inhalte wir keinen Einfluss haben. Deshalb k\u00f6nnen wir f\u00fcr diese fremden Inhalte auch keine Gew\u00e4hr \u00fcbernehmen. F\u00fcr die Inhalte der verlinkten Seiten ist stets der jeweilige Anbieter oder Betreiber der Seiten verantwortlich. Die verlinkten Seiten wurden zum Zeitpunkt der Verlinkung auf m\u00f6gliche Rechtsverst\u00f6\u00dfe \u00fcberpr\u00fcft. Rechtswidrige Inhalte waren zum Zeitpunkt der Verlinkung nicht erkennbar. Eine permanente inhaltliche Kontrolle der verlinkten Seiten ist jedoch ohne konkrete Anhaltspunkte einer Rechtsverletzung nicht zumutbar. Bei Bekanntwerden von Rechtsverletzungen werden wir derartige Links umgehend entfernen.<\/p>\n\n\n\n<p>\u200b<\/p>\n\n\n\n<p><strong>Urheberrecht<\/strong><\/p>\n\n\n\n<p>Die durch die Seitenbetreiber erstellten Inhalte und Werke auf diesen Seiten unterliegen dem deutschen Urheberrecht. Die Vervielf\u00e4ltigung, Bearbeitung, Verbreitung und jede Art der Verwertung au\u00dferhalb der Grenzen des Urheberrechtes bed\u00fcrfen der schriftlichen Zustimmung des jeweiligen Autors bzw. Erstellers. Downloads und Kopien dieser Seite sind nur f\u00fcr den privaten, nicht kommerziellen Gebrauch gestattet. Soweit die Inhalte auf dieser Seite nicht vom Betreiber erstellt wurden, werden die Urheberrechte Dritter beachtet. Insbesondere werden Inhalte Dritter als solche gekennzeichnet. Sollten Sie trotzdem auf eine Urheberrechtsverletzung aufmerksam werden, bitten wir um einen entsprechenden Hinweis. Bei Bekanntwerden von Rechtsverletzungen werden wir derartige Inhalte umgehend entfernen.<\/p>\n","protected":false},"excerpt":{"rendered":"<p>Gewerblich genutzte Internetseiten m\u00fcssen in Deutschland laut \u00a75 Telemediengesetz und \u00a755 Rundfunk-Staatsvertrag ein Impressum haben. Name und Anschrift: Christian StolbergHauptstra\u00dfe 3023714 Bad Malente Telefon: 04523 3050043E-Mail-Adresse: info@djstoltec.deGesch\u00e4ftsf\u00fchrer: Christian StolbergFirmensitz: Bad MalenteSteuernummer: 34\/119\/00905Inhaltlich verantwortlich: Christian Stolberg \u200bUmsetzung Webseite \/ Technischer AnpsrechpartnerChristoph Bendrich \u2013\u00a0Piekfeine IT Haftung f\u00fcr Inhalte\u200b Als Diensteanbieter sind wir gem\u00e4\u00df \u00a7 7 Abs.1 TMG&hellip;&nbsp;<a href=\"https:\/\/djstoltec.de\/index.php\/impressum\/\" rel=\"bookmark\">Weiterlesen &raquo;<span class=\"screen-reader-text\">Impressum<\/span><\/a><\/p>\n","protected":false},"author":1,"featured_media":0,"parent":0,"menu_order":0,"comment_status":"closed","ping_status":"closed","template":"","meta":{"neve_meta_sidebar":"","neve_meta_container":"","neve_meta_enable_content_width":"","neve_meta_content_width":0,"neve_meta_title_alignment":"","neve_meta_author_avatar":"","neve_post_elements_order":"","neve_meta_disable_header":"","neve_meta_disable_footer":"","neve_meta_disable_title":"","footnotes":""},"class_list":["post-39","page","type-page","status-publish","hentry"],"yoast_head":"<!-- This site is optimized with the Yoast SEO plugin v27.5 - https:\/\/yoast.com\/product\/yoast-seo-wordpress\/ -->\n<title>Impressum - DJ Stoltec<\/title>\n<meta name=\"robots\" content=\"index, follow, max-snippet:-1, max-image-preview:large, max-video-preview:-1\" \/>\n<link rel=\"canonical\" href=\"https:\/\/djstoltec.de\/index.php\/impressum\/\" \/>\n<meta property=\"og:locale\" content=\"de_DE\" \/>\n<meta property=\"og:type\" content=\"article\" \/>\n<meta property=\"og:title\" content=\"Impressum - DJ Stoltec\" \/>\n<meta property=\"og:description\" content=\"Gewerblich genutzte Internetseiten m\u00fcssen in Deutschland laut \u00a75 Telemediengesetz und \u00a755 Rundfunk-Staatsvertrag ein Impressum haben. Name und Anschrift: Christian StolbergHauptstra\u00dfe 3023714 Bad Malente Telefon: 04523 3050043E-Mail-Adresse: info@djstoltec.deGesch\u00e4ftsf\u00fchrer: Christian StolbergFirmensitz: Bad MalenteSteuernummer: 34\/119\/00905Inhaltlich verantwortlich: Christian Stolberg \u200bUmsetzung Webseite \/ Technischer AnpsrechpartnerChristoph Bendrich \u2013\u00a0Piekfeine IT Haftung f\u00fcr Inhalte\u200b Als Diensteanbieter sind wir gem\u00e4\u00df \u00a7 7 Abs.1 TMG&hellip;&nbsp;Weiterlesen &raquo;Impressum\" \/>\n<meta property=\"og:url\" content=\"https:\/\/djstoltec.de\/index.php\/impressum\/\" \/>\n<meta property=\"og:site_name\" content=\"DJ Stoltec\" \/>\n<meta property=\"article:modified_time\" content=\"2026-04-08T16:54:52+00:00\" \/>\n<meta name=\"twitter:card\" content=\"summary_large_image\" \/>\n<meta name=\"twitter:label1\" content=\"Gesch\u00e4tzte Lesezeit\" \/>\n\t<meta name=\"twitter:data1\" content=\"2\u00a0Minuten\" \/>\n<script type=\"application\/ld+json\" class=\"yoast-schema-graph\">{\"@context\":\"https:\\\/\\\/schema.org\",\"@graph\":[{\"@type\":\"WebPage\",\"@id\":\"https:\\\/\\\/djstoltec.de\\\/index.php\\\/impressum\\\/\",\"url\":\"https:\\\/\\\/djstoltec.de\\\/index.php\\\/impressum\\\/\",\"name\":\"Impressum - DJ Stoltec\",\"isPartOf\":{\"@id\":\"https:\\\/\\\/djstoltec.de\\\/#website\"},\"datePublished\":\"2021-11-15T14:26:05+00:00\",\"dateModified\":\"2026-04-08T16:54:52+00:00\",\"breadcrumb\":{\"@id\":\"https:\\\/\\\/djstoltec.de\\\/index.php\\\/impressum\\\/#breadcrumb\"},\"inLanguage\":\"de\",\"potentialAction\":[{\"@type\":\"ReadAction\",\"target\":[\"https:\\\/\\\/djstoltec.de\\\/index.php\\\/impressum\\\/\"]}]},{\"@type\":\"BreadcrumbList\",\"@id\":\"https:\\\/\\\/djstoltec.de\\\/index.php\\\/impressum\\\/#breadcrumb\",\"itemListElement\":[{\"@type\":\"ListItem\",\"position\":1,\"name\":\"Startseite\",\"item\":\"https:\\\/\\\/djstoltec.de\\\/\"},{\"@type\":\"ListItem\",\"position\":2,\"name\":\"Impressum\"}]},{\"@type\":\"WebSite\",\"@id\":\"https:\\\/\\\/djstoltec.de\\\/#website\",\"url\":\"https:\\\/\\\/djstoltec.de\\\/\",\"name\":\"DJ Stoltec\",\"description\":\"Musik f\u00fcr deine Veranstaltung\",\"publisher\":{\"@id\":\"https:\\\/\\\/djstoltec.de\\\/#organization\"},\"potentialAction\":[{\"@type\":\"SearchAction\",\"target\":{\"@type\":\"EntryPoint\",\"urlTemplate\":\"https:\\\/\\\/djstoltec.de\\\/?s={search_term_string}\"},\"query-input\":{\"@type\":\"PropertyValueSpecification\",\"valueRequired\":true,\"valueName\":\"search_term_string\"}}],\"inLanguage\":\"de\"},{\"@type\":\"Organization\",\"@id\":\"https:\\\/\\\/djstoltec.de\\\/#organization\",\"name\":\"DJ Stoltec\",\"url\":\"https:\\\/\\\/djstoltec.de\\\/\",\"logo\":{\"@type\":\"ImageObject\",\"inLanguage\":\"de\",\"@id\":\"https:\\\/\\\/djstoltec.de\\\/#\\\/schema\\\/logo\\\/image\\\/\",\"url\":\"https:\\\/\\\/djstoltec.de\\\/wp-content\\\/uploads\\\/2021\\\/11\\\/picture-1200.png\",\"contentUrl\":\"https:\\\/\\\/djstoltec.de\\\/wp-content\\\/uploads\\\/2021\\\/11\\\/picture-1200.png\",\"width\":1200,\"height\":1200,\"caption\":\"DJ Stoltec\"},\"image\":{\"@id\":\"https:\\\/\\\/djstoltec.de\\\/#\\\/schema\\\/logo\\\/image\\\/\"}}]}<\/script>\n<!-- \/ Yoast SEO plugin. -->","yoast_head_json":{"title":"Impressum - DJ Stoltec","robots":{"index":"index","follow":"follow","max-snippet":"max-snippet:-1","max-image-preview":"max-image-preview:large","max-video-preview":"max-video-preview:-1"},"canonical":"https:\/\/djstoltec.de\/index.php\/impressum\/","og_locale":"de_DE","og_type":"article","og_title":"Impressum - DJ Stoltec","og_description":"Gewerblich genutzte Internetseiten m\u00fcssen in Deutschland laut \u00a75 Telemediengesetz und \u00a755 Rundfunk-Staatsvertrag ein Impressum haben. Name und Anschrift: Christian StolbergHauptstra\u00dfe 3023714 Bad Malente Telefon: 04523 3050043E-Mail-Adresse: info@djstoltec.deGesch\u00e4ftsf\u00fchrer: Christian StolbergFirmensitz: Bad MalenteSteuernummer: 34\/119\/00905Inhaltlich verantwortlich: Christian Stolberg \u200bUmsetzung Webseite \/ Technischer AnpsrechpartnerChristoph Bendrich \u2013\u00a0Piekfeine IT Haftung f\u00fcr Inhalte\u200b Als Diensteanbieter sind wir gem\u00e4\u00df \u00a7 7 Abs.1 TMG&hellip;&nbsp;Weiterlesen &raquo;Impressum","og_url":"https:\/\/djstoltec.de\/index.php\/impressum\/","og_site_name":"DJ Stoltec","article_modified_time":"2026-04-08T16:54:52+00:00","twitter_card":"summary_large_image","twitter_misc":{"Gesch\u00e4tzte Lesezeit":"2\u00a0Minuten"},"schema":{"@context":"https:\/\/schema.org","@graph":[{"@type":"WebPage","@id":"https:\/\/djstoltec.de\/index.php\/impressum\/","url":"https:\/\/djstoltec.de\/index.php\/impressum\/","name":"Impressum - DJ Stoltec","isPartOf":{"@id":"https:\/\/djstoltec.de\/#website"},"datePublished":"2021-11-15T14:26:05+00:00","dateModified":"2026-04-08T16:54:52+00:00","breadcrumb":{"@id":"https:\/\/djstoltec.de\/index.php\/impressum\/#breadcrumb"},"inLanguage":"de","potentialAction":[{"@type":"ReadAction","target":["https:\/\/djstoltec.de\/index.php\/impressum\/"]}]},{"@type":"BreadcrumbList","@id":"https:\/\/djstoltec.de\/index.php\/impressum\/#breadcrumb","itemListElement":[{"@type":"ListItem","position":1,"name":"Startseite","item":"https:\/\/djstoltec.de\/"},{"@type":"ListItem","position":2,"name":"Impressum"}]},{"@type":"WebSite","@id":"https:\/\/djstoltec.de\/#website","url":"https:\/\/djstoltec.de\/","name":"DJ Stoltec","description":"Musik f\u00fcr deine Veranstaltung","publisher":{"@id":"https:\/\/djstoltec.de\/#organization"},"potentialAction":[{"@type":"SearchAction","target":{"@type":"EntryPoint","urlTemplate":"https:\/\/djstoltec.de\/?s={search_term_string}"},"query-input":{"@type":"PropertyValueSpecification","valueRequired":true,"valueName":"search_term_string"}}],"inLanguage":"de"},{"@type":"Organization","@id":"https:\/\/djstoltec.de\/#organization","name":"DJ Stoltec","url":"https:\/\/djstoltec.de\/","logo":{"@type":"ImageObject","inLanguage":"de","@id":"https:\/\/djstoltec.de\/#\/schema\/logo\/image\/","url":"https:\/\/djstoltec.de\/wp-content\/uploads\/2021\/11\/picture-1200.png","contentUrl":"https:\/\/djstoltec.de\/wp-content\/uploads\/2021\/11\/picture-1200.png","width":1200,"height":1200,"caption":"DJ Stoltec"},"image":{"@id":"https:\/\/djstoltec.de\/#\/schema\/logo\/image\/"}}]}},"_links":{"self":[{"href":"https:\/\/djstoltec.de\/index.php\/wp-json\/wp\/v2\/pages\/39","targetHints":{"allow":["GET"]}}],"collection":[{"href":"https:\/\/djstoltec.de\/index.php\/wp-json\/wp\/v2\/pages"}],"about":[{"href":"https:\/\/djstoltec.de\/index.php\/wp-json\/wp\/v2\/types\/page"}],"author":[{"embeddable":true,"href":"https:\/\/djstoltec.de\/index.php\/wp-json\/wp\/v2\/users\/1"}],"replies":[{"embeddable":true,"href":"https:\/\/djstoltec.de\/index.php\/wp-json\/wp\/v2\/comments?post=39"}],"version-history":[{"count":4,"href":"https:\/\/djstoltec.de\/index.php\/wp-json\/wp\/v2\/pages\/39\/revisions"}],"predecessor-version":[{"id":315,"href":"https:\/\/djstoltec.de\/index.php\/wp-json\/wp\/v2\/pages\/39\/revisions\/315"}],"wp:attachment":[{"href":"https:\/\/djstoltec.de\/index.php\/wp-json\/wp\/v2\/media?parent=39"}],"curies":[{"name":"wp","href":"https:\/\/api.w.org\/{rel}","templated":true}]}}